{"id":9669,"date":"2026-02-04T16:46:34","date_gmt":"2026-02-04T15:46:34","guid":{"rendered":"https:\/\/axolight.us\/whistleblowing\/"},"modified":"2026-02-04T16:46:34","modified_gmt":"2026-02-04T15:46:34","slug":"whistleblowing","status":"publish","type":"page","link":"https:\/\/axolight.us\/es\/whistleblowing\/","title":{"rendered":"Whistleblowing"},"content":{"rendered":"\n<p>Axo Light Srl se compromete a operar de manera \u00e9tica y, para ello, ha adoptado un proceso de gesti\u00f3n de las denuncias, incluso an\u00f3nimas, que puedan contribuir a la prevenci\u00f3n de delitos, irregularidades o conductas contrarias a su C\u00f3digo \u00c9tico, al Modelo de Organizaci\u00f3n, Gesti\u00f3n y Control ex Decreto Legislativo n\u00ba 231\/2001, a los procedimientos de la empresa y a la legislaci\u00f3n aplicable, o en cualquier caso susceptibles de causar da\u00f1os o perjuicios, incluso de imagen o reputaci\u00f3n, a Axo Light Srl.<\/p>\n\n\n\n<p>Axo Light Srl anima encarecidamente a denunciar de buena fe cualquier posible irregularidad. Sin embargo, es esencial subrayar que no se tolerar\u00e1n declaraciones falsas o vejatorias, meras sospechas o rumores, quejas de car\u00e1cter personal o reclamaciones infundadas. En tales casos, se tomar\u00e1n medidas disciplinarias contra quienes abusen del Procedimiento.<\/p>\n\n\n\n<p>Para la presentaci\u00f3n y gesti\u00f3n de denuncias, Axo Light Srl ha creado un procedimiento espec\u00edfico de Whistleblowing y una plataforma inform\u00e1tica dedicada, en pleno cumplimiento de la normativa vigente sobre GDPR y gesti\u00f3n de datos.<\/p>\n\n\n\n<p>Si desea realizar una denuncia,&nbsp;<strong><a href=\"https:\/\/axolight.whistleblowing.italiandesignbrands.com\/\">acceda a la plataforma<\/a><\/strong>.<\/p>\n","protected":false},"excerpt":{"rendered":"<p>Axo Light Srl se compromete a operar de manera \u00e9tica y, para ello, ha adoptado un proceso de gesti\u00f3n de las denuncias, incluso an\u00f3nimas, que puedan contribuir a la prevenci\u00f3n de delitos, irregularidades o conductas contrarias a su C\u00f3digo \u00c9tico, al Modelo de Organizaci\u00f3n, Gesti\u00f3n y Control ex Decreto Legislativo n\u00ba 231\/2001, a los procedimientos [&hellip;]<\/p>\n","protected":false},"author":1,"featured_media":0,"parent":0,"menu_order":0,"comment_status":"closed","ping_status":"closed","template":"","meta":{"footnotes":""},"class_list":["post-9669","page","type-page","status-publish","hentry"],"acpt":null,"_links":{"self":[{"href":"https:\/\/axolight.us\/es\/wp-json\/wp\/v2\/pages\/9669","targetHints":{"allow":["GET"]}}],"collection":[{"href":"https:\/\/axolight.us\/es\/wp-json\/wp\/v2\/pages"}],"about":[{"href":"https:\/\/axolight.us\/es\/wp-json\/wp\/v2\/types\/page"}],"author":[{"embeddable":true,"href":"https:\/\/axolight.us\/es\/wp-json\/wp\/v2\/users\/1"}],"replies":[{"embeddable":true,"href":"https:\/\/axolight.us\/es\/wp-json\/wp\/v2\/comments?post=9669"}],"version-history":[{"count":0,"href":"https:\/\/axolight.us\/es\/wp-json\/wp\/v2\/pages\/9669\/revisions"}],"wp:attachment":[{"href":"https:\/\/axolight.us\/es\/wp-json\/wp\/v2\/media?parent=9669"}],"curies":[{"name":"wp","href":"https:\/\/api.w.org\/{rel}","templated":true}]}}