{"id":9673,"date":"2026-01-14T11:27:20","date_gmt":"2026-01-14T11:27:20","guid":{"rendered":"https:\/\/axolight.us\/homepage\/"},"modified":"2026-03-11T08:40:39","modified_gmt":"2026-03-11T08:40:39","slug":"homepage","status":"publish","type":"page","link":"https:\/\/axolight.us\/es\/","title":{"rendered":"Homepage"},"content":{"rendered":"","protected":false},"excerpt":{"rendered":"","protected":false},"author":1,"featured_media":0,"parent":0,"menu_order":0,"comment_status":"closed","ping_status":"closed","template":"template\/homepage.php","meta":{"footnotes":""},"class_list":["post-9673","page","type-page","status-publish","hentry"],"acpt":{"meta":[{"meta_box":"blocco-menu","meta_fields":[{"name":"immagine","type":"Image","options":[],"value":"https:\/\/axolight.us\/wp-content\/uploads\/2026\/02\/Axolight_Bell.jpg","default":"","required":false,"showInAdmin":false,"advancedOptions":{"1":{"id":"ebca5ce6-c3f8-4196-b1ad-2157cbc53c47","boxId":"e4bc1823-8d99-41c3-b338-e74390f948c1","fieldId":"f919c397-9095-481e-8894-f0bb2733d7e2","key":"headline","value":"top"},"2":{"id":"98ee828a-a893-4168-acd6-4af59996ad2c","boxId":"e4bc1823-8d99-41c3-b338-e74390f948c1","fieldId":"f919c397-9095-481e-8894-f0bb2733d7e2","key":"width","value":""},"18":{"id":"6bef08fd-5995-4753-860c-fabb801cc04d","boxId":"e4bc1823-8d99-41c3-b338-e74390f948c1","fieldId":"f919c397-9095-481e-8894-f0bb2733d7e2","key":"css","value":""},"29":{"id":"a8c57520-0b36-4272-a04b-f5c994966376","boxId":"e4bc1823-8d99-41c3-b338-e74390f948c1","fieldId":"f919c397-9095-481e-8894-f0bb2733d7e2","key":"vertical_alignment","value":"center"},"31":{"id":"c328db26-a89c-4fdc-8442-a08806118a47","boxId":"e4bc1823-8d99-41c3-b338-e74390f948c1","fieldId":"f919c397-9095-481e-8894-f0bb2733d7e2","key":"set_thumbnail","value":""},"34":{"id":"2429b94d-c174-4a00-822e-ce9250c8077b","boxId":"e4bc1823-8d99-41c3-b338-e74390f948c1","fieldId":"f919c397-9095-481e-8894-f0bb2733d7e2","key":"render","value":"id"}}},{"name":"immagine-mobile","type":"Image","options":[],"value":"https:\/\/axolight.us\/wp-content\/uploads\/2026\/02\/Axolight_Bell_mobile.jpg","default":"","required":false,"showInAdmin":false,"advancedOptions":{"1":{"id":"9595401d-0647-4f3a-9bd3-92dbc075235f","boxId":"e4bc1823-8d99-41c3-b338-e74390f948c1","fieldId":"1f2d1adb-8dcc-49cd-a933-de6c3288c13d","key":"headline","value":"top"},"2":{"id":"014d0f6d-77b2-4a03-8f41-4e5ea8f85abe","boxId":"e4bc1823-8d99-41c3-b338-e74390f948c1","fieldId":"1f2d1adb-8dcc-49cd-a933-de6c3288c13d","key":"width","value":""},"6":{"id":"e9037f67-9518-469d-b018-9ea0f684cc95","boxId":"e4bc1823-8d99-41c3-b338-e74390f948c1","fieldId":"1f2d1adb-8dcc-49cd-a933-de6c3288c13d","key":"before","value":""},"7":{"id":"ee0a6766-fb8a-48d3-993e-834e48b8d85d","boxId":"e4bc1823-8d99-41c3-b338-e74390f948c1","fieldId":"1f2d1adb-8dcc-49cd-a933-de6c3288c13d","key":"after","value":""},"8":{"id":"649d7fc3-0338-435b-b19b-bbe2b2cf05a0","boxId":"e4bc1823-8d99-41c3-b338-e74390f948c1","fieldId":"1f2d1adb-8dcc-49cd-a933-de6c3288c13d","key":"min","value":""},"9":{"id":"9e09d0a8-1aef-461e-bece-3d2d97f8187c","boxId":"e4bc1823-8d99-41c3-b338-e74390f948c1","fieldId":"1f2d1adb-8dcc-49cd-a933-de6c3288c13d","key":"max","value":""},"11":{"id":"8822b340-bc37-4ba6-8743-d7280a7fc1fe","boxId":"e4bc1823-8d99-41c3-b338-e74390f948c1","fieldId":"1f2d1adb-8dcc-49cd-a933-de6c3288c13d","key":"pattern","value":""},"18":{"id":"fe3bc4d7-56c4-4b62-a760-f282b5f1c2c8","boxId":"e4bc1823-8d99-41c3-b338-e74390f948c1","fieldId":"1f2d1adb-8dcc-49cd-a933-de6c3288c13d","key":"css","value":""},"29":{"id":"23fa3d38-cd7f-4957-bfd2-b6c4c323a28f","boxId":"e4bc1823-8d99-41c3-b338-e74390f948c1","fieldId":"1f2d1adb-8dcc-49cd-a933-de6c3288c13d","key":"vertical_alignment","value":"center"},"31":{"id":"f79c0398-139c-4486-99d1-9725d7e2e677","boxId":"e4bc1823-8d99-41c3-b338-e74390f948c1","fieldId":"1f2d1adb-8dcc-49cd-a933-de6c3288c13d","key":"set_thumbnail","value":""},"34":{"id":"3847e72c-13c9-418d-bc4a-1a60af3fcd36","boxId":"e4bc1823-8d99-41c3-b338-e74390f948c1","fieldId":"1f2d1adb-8dcc-49cd-a933-de6c3288c13d","key":"render","value":"id"},"38":{"id":"2331c1e3-af84-4ee9-add3-a82c9bd4e3ef","boxId":"e4bc1823-8d99-41c3-b338-e74390f948c1","fieldId":"1f2d1adb-8dcc-49cd-a933-de6c3288c13d","key":"allow_html","value":""}}},{"name":"colore-sfondo-menu","type":"Color","options":[],"value":"#6b4c30","default":"#000000","required":false,"showInAdmin":false,"advancedOptions":{"1":{"id":"9b55fa27-16a3-4467-8cd9-8c225cc01b69","boxId":"e4bc1823-8d99-41c3-b338-e74390f948c1","fieldId":"e629aa91-40e0-47c3-b749-586c8abf8906","key":"headline","value":"top"},"2":{"id":"da21d9bf-c16a-47d1-b228-1d08ef643a9a","boxId":"e4bc1823-8d99-41c3-b338-e74390f948c1","fieldId":"e629aa91-40e0-47c3-b749-586c8abf8906","key":"width","value":""},"18":{"id":"035a45f2-599d-43ff-852b-a801a8548fba","boxId":"e4bc1823-8d99-41c3-b338-e74390f948c1","fieldId":"e629aa91-40e0-47c3-b749-586c8abf8906","key":"css","value":""},"29":{"id":"ee6b7745-d590-4557-a28f-a3129bfacbcd","boxId":"e4bc1823-8d99-41c3-b338-e74390f948c1","fieldId":"e629aa91-40e0-47c3-b749-586c8abf8906","key":"vertical_alignment","value":"center"}}}]},{"meta_box":"blocco-card-prodotti","meta_fields":[{"name":"titolo","type":"Text","options":[],"value":"Productos","default":"","required":false,"showInAdmin":false,"advancedOptions":[]},{"name":"selezione-prodotti","type":"Repeater","options":[],"value":{"immagine-card":[{"attachment_id":"1375","original_name":"immagine-card","type":"Image","value":"https:\/\/axolight.us\/wp-content\/uploads\/2026\/02\/TABLE.jpg"},{"attachment_id":"1378","original_name":"immagine-card","type":"Image","value":"https:\/\/axolight.us\/wp-content\/uploads\/2026\/02\/FLOOR.jpg"},{"attachment_id":"1376","original_name":"immagine-card","type":"Image","value":"https:\/\/axolight.us\/wp-content\/uploads\/2026\/02\/WALL.jpg"},{"attachment_id":"10274","original_name":"immagine-card","type":"Image","value":"https:\/\/axolight.us\/wp-content\/uploads\/2026\/03\/CEILING.jpg"},{"attachment_id":"1374","original_name":"immagine-card","type":"Image","value":"https:\/\/axolight.us\/wp-content\/uploads\/2026\/02\/PENDANTS.jpg"},{"attachment_id":"1387","original_name":"immagine-card","type":"Image","value":"https:\/\/axolight.us\/wp-content\/uploads\/2026\/02\/ALLCOLLECTIONS.jpg"}],"titolo-card":[{"original_name":"titolo-card","type":"Text","value":"MESA"},{"original_name":"titolo-card","type":"Text","value":"PIE"},{"original_name":"titolo-card","type":"Text","value":"PARED"},{"original_name":"titolo-card","type":"Text","value":"TECHO"},{"original_name":"titolo-card","type":"Text","value":"COLGANTE"},{"original_name":"titolo-card","type":"Text","value":"TODAS LAS COLECCIONES"}],"link-card":[{"label":"","original_name":"link-card","type":"Url","value":"https:\/\/axolight.us\/es\/design\/mesa-es\/"},{"label":"","original_name":"link-card","type":"Url","value":"https:\/\/axolight.us\/es\/design\/pie-es\/"},{"label":"","original_name":"link-card","type":"Url","value":"https:\/\/axolight.us\/es\/design\/pared-es\/"},{"label":"","original_name":"link-card","type":"Url","value":"https:\/\/axolight.us\/es\/design\/techo-es\/"},{"label":"","original_name":"link-card","type":"Url","value":"https:\/\/axolight.us\/es\/design\/colgante-es\/"},{"label":"","original_name":"link-card","type":"Url","value":"https:\/\/axolight.us\/es\/colecciones\/"}]},"default":"","required":false,"showInAdmin":false,"advancedOptions":{"1":{"id":"9faf582f-f07c-4c04-9e40-7b8660ca7e4a","boxId":"0e73f6ae-c476-492a-ac01-91872b553b8d","fieldId":"88c7c24b-22e9-4eac-a69e-070dde18f3f8","key":"headline","value":"top"},"2":{"id":"4cc13997-2c06-4736-b4ad-28e324995872","boxId":"0e73f6ae-c476-492a-ac01-91872b553b8d","fieldId":"88c7c24b-22e9-4eac-a69e-070dde18f3f8","key":"width","value":""},"3":{"id":"f0214ddf-cdc3-4aaf-b191-aafd6ee95db5","boxId":"0e73f6ae-c476-492a-ac01-91872b553b8d","fieldId":"88c7c24b-22e9-4eac-a69e-070dde18f3f8","key":"columns","value":""},"12":{"id":"a7f62582-069f-4a91-a11e-4f9cd8815257","boxId":"0e73f6ae-c476-492a-ac01-91872b553b8d","fieldId":"88c7c24b-22e9-4eac-a69e-070dde18f3f8","key":"minimum_blocks","value":""},"13":{"id":"816e05a6-8183-4691-8008-87bd09610b01","boxId":"0e73f6ae-c476-492a-ac01-91872b553b8d","fieldId":"88c7c24b-22e9-4eac-a69e-070dde18f3f8","key":"maximum_blocks","value":""},"18":{"id":"53cd279a-a034-448c-b631-e1a701926b2f","boxId":"0e73f6ae-c476-492a-ac01-91872b553b8d","fieldId":"88c7c24b-22e9-4eac-a69e-070dde18f3f8","key":"css","value":""},"19":{"id":"adb89782-d6c6-4610-bea8-d00f46eea77e","boxId":"0e73f6ae-c476-492a-ac01-91872b553b8d","fieldId":"88c7c24b-22e9-4eac-a69e-070dde18f3f8","key":"leading_field","value":"f87db93d-89fd-4a6f-97f6-bf9d554fe0c4"},"20":{"id":"70888a20-d84a-46c3-88d5-390a602b2551","boxId":"0e73f6ae-c476-492a-ac01-91872b553b8d","fieldId":"88c7c24b-22e9-4eac-a69e-070dde18f3f8","key":"layout","value":"basic"},"21":{"id":"0315ff27-db0d-4619-aab4-4ac63e75a33a","boxId":"0e73f6ae-c476-492a-ac01-91872b553b8d","fieldId":"88c7c24b-22e9-4eac-a69e-070dde18f3f8","key":"filter_post_type","value":"prodotti"},"22":{"id":"9d08c574-5320-45b0-b6f3-392b3db7e115","boxId":"0e73f6ae-c476-492a-ac01-91872b553b8d","fieldId":"88c7c24b-22e9-4eac-a69e-070dde18f3f8","key":"filter_post_status","value":"publish"},"23":{"id":"420836f1-f394-4812-88c9-cdb82f01eb5b","boxId":"0e73f6ae-c476-492a-ac01-91872b553b8d","fieldId":"88c7c24b-22e9-4eac-a69e-070dde18f3f8","key":"filter_taxonomy","value":""},"29":{"id":"6ba5a2fd-c048-4848-8814-3f686da3e012","boxId":"0e73f6ae-c476-492a-ac01-91872b553b8d","fieldId":"88c7c24b-22e9-4eac-a69e-070dde18f3f8","key":"vertical_alignment","value":"center"},"30":{"id":"63aef919-2e05-47f2-a772-17f5b959b95f","boxId":"0e73f6ae-c476-492a-ac01-91872b553b8d","fieldId":"88c7c24b-22e9-4eac-a69e-070dde18f3f8","key":"sync_taxonomy","value":""}}}]},{"meta_box":"blocco-carosello","meta_fields":[{"name":"carosello","type":"Repeater","options":[],"value":{"immagine_1":[{"attachment_id":"1381","original_name":"immagine_1","type":"Image","value":"https:\/\/axolight.us\/wp-content\/uploads\/2026\/02\/AXOLIGHT_MATTERANDFUNCTION.jpg"},{"attachment_id":"1380","original_name":"immagine_1","type":"Image","value":"https:\/\/axolight.us\/wp-content\/uploads\/2026\/02\/AXOLIGHT_MADEINITALY.jpg"},{"attachment_id":"1382","original_name":"immagine_1","type":"Image","value":"https:\/\/axolight.us\/wp-content\/uploads\/2026\/02\/AXOLIGHT_NETWORK.jpg"},{"attachment_id":"1379","original_name":"immagine_1","type":"Image","value":"https:\/\/axolight.us\/wp-content\/uploads\/2026\/02\/AXOLIGHT_BESPOKESOLUTIONS.jpg"}],"titolo_1":[{"original_name":"titolo_1","type":"Text","value":"Materia y funci\u00f3n"},{"original_name":"titolo_1","type":"Text","value":"Made in Italy: una elecci\u00f3n de calidad"},{"original_name":"titolo_1","type":"Text","value":"Una red internacional"},{"original_name":"titolo_1","type":"Text","value":"Soluciones a medida"}],"descrizione":[{"original_name":"descrizione","type":"Editor","value":"<p>Fundada en 1996 en la provincia de Venecia, Axolight ha seguido un camino de investigaci\u00f3n en el que la gran capacidad de hacer, t\u00edpica de la zona, ha encontrado su expresi\u00f3n en productos excelentes e innovadores, capaces de plasmar las mejores tradiciones artesanales y de abarcar dimensiones que van desde la escala dom\u00e9stica hasta los grandes formatos propios de los espacios de mayor representaci\u00f3n. La materia y la luz se funden en m\u00faltiples geometr\u00edas, etapas de un proceso de contaminaci\u00f3n de los materiales, donde el vidrio, el metal y el tejido desarrollan un di\u00e1logo para producir objetos que combinan el valor est\u00e9tico con un fuerte significado funcional, con el fin de ofrecer l\u00e1mparas capaces de responder a las necesidades del proyecto arquitect\u00f3nico.<\/p>"},{"original_name":"descrizione","type":"Editor","value":"<p>Axolight es atenci\u00f3n al detalle, cuidado de los materiales, habilidad para identificar la soluci\u00f3n t\u00e9cnica adecuada para obtener el mejor resultado lum\u00ednico. Elementos que se combinan para ofrecer herramientas diferentes y alternativas, capaces de resolver las necesidades del proyecto de iluminaci\u00f3n y enriquecer el tejido narrativo de cada ambiente, interior y exterior, con la calidad de productos totalmente fabricados en Italia, que garantizan el respeto por el medio ambiente gracias a la elecci\u00f3n de proveedores locales y materiales procedentes de cadenas de suministro certificadas.<\/p>"},{"original_name":"descrizione","type":"Editor","value":"<p>Llevar la pasi\u00f3n italiana al mundo siempre ha sido el motor de la investigaci\u00f3n de Axolight. Una vocaci\u00f3n por la internacionalizaci\u00f3n que ha llevado a la empresa a estar presente en los principales mercados mundiales, con un enfoque espec\u00edfico en Estados Unidos, donde tiene su sede una filial que se encarga de la distribuci\u00f3n en el mercado norteamericano de la producci\u00f3n de Axolight y que opera en las instalaciones de la sala de exposici\u00f3n de Lexington Avenue, en Nueva York.<\/p>"},{"original_name":"descrizione","type":"Editor","value":"<p>La capacidad de hacer, el profundo conocimiento de los materiales y las tecnolog\u00edas, la b\u00fasqueda continua de la excelencia al servicio del cliente: Axolight ofrece un servicio de asistencia en el dise\u00f1o, desde la posible identificaci\u00f3n del concepto hasta la ingenier\u00eda y la entrega de objetos \u00fanicos y dedicados, para estar al lado de los dise\u00f1adores y distribuidores en cada proyecto, a cualquier escala.<\/p>"}]},"default":"","required":false,"showInAdmin":false,"advancedOptions":[]}]},{"meta_box":"blocco-collezioni","meta_fields":[{"name":"titolo_2","type":"Text","options":[],"value":"Colecciones destacadas","default":"","required":false,"showInAdmin":false,"advancedOptions":[]},{"name":"selezione-collezioni","type":"Repeater","options":[],"value":{"immagine-card_1":[{"attachment_id":"1385","original_name":"immagine-card_1","type":"Image","value":"https:\/\/axolight.us\/wp-content\/uploads\/2026\/02\/AXOLIGHT_BENDER_FLOOR_TABLELAMP.jpg"},{"attachment_id":"1384","original_name":"immagine-card_1","type":"Image","value":"https:\/\/axolight.us\/wp-content\/uploads\/2026\/02\/AXOLIGHT_SPILLRAYEVO.jpg"},{"attachment_id":"1383","original_name":"immagine-card_1","type":"Image","value":"https:\/\/axolight.us\/wp-content\/uploads\/2026\/02\/AXOLIGHT_KISS.jpg"},{"attachment_id":"1386","original_name":"immagine-card_1","type":"Image","value":"https:\/\/axolight.us\/wp-content\/uploads\/2026\/02\/AXOLIGHT_ORBIS.jpg"}],"titolo-card_1":[{"original_name":"titolo-card_1","type":"Text","value":"BENDER"},{"original_name":"titolo-card_1","type":"Text","value":"SPILLRAY EVO"},{"original_name":"titolo-card_1","type":"Text","value":"KISS"},{"original_name":"titolo-card_1","type":"Text","value":"ORBIS"}],"link-card_1":[{"label":"","original_name":"link-card_1","type":"Url","value":"https:\/\/axolight.us\/es\/colecciones\/bender-es\/"},{"label":"","original_name":"link-card_1","type":"Url","value":"https:\/\/axolight.us\/es\/colecciones\/spillray-evo-es\/"},{"label":"","original_name":"link-card_1","type":"Url","value":"https:\/\/axolight.us\/es\/colecciones\/kiss-es\/"},{"label":"","original_name":"link-card_1","type":"Url","value":"https:\/\/axolight.us\/es\/colecciones\/orbis-es\/"}]},"default":"","required":false,"showInAdmin":false,"advancedOptions":{"1":{"id":"0972317f-ccd4-49ae-a10b-bd64395e5454","boxId":"46e8be7a-78f8-401d-902b-8dbaf0167eac","fieldId":"16b0c9aa-b962-45b6-8ba2-018317bb69ee","key":"headline","value":"top"},"2":{"id":"bf585951-f1eb-4a97-a074-a8e457dba35a","boxId":"46e8be7a-78f8-401d-902b-8dbaf0167eac","fieldId":"16b0c9aa-b962-45b6-8ba2-018317bb69ee","key":"width","value":""},"18":{"id":"2d0c2c78-8d2c-4622-b3fb-4779d93459b8","boxId":"46e8be7a-78f8-401d-902b-8dbaf0167eac","fieldId":"16b0c9aa-b962-45b6-8ba2-018317bb69ee","key":"css","value":""},"23":{"id":"4c2963f2-84d7-4e45-81bb-88ce04a8825d","boxId":"46e8be7a-78f8-401d-902b-8dbaf0167eac","fieldId":"16b0c9aa-b962-45b6-8ba2-018317bb69ee","key":"filter_taxonomy","value":"collezioni"},"29":{"id":"b14633af-1801-4891-a282-abcb25585e52","boxId":"46e8be7a-78f8-401d-902b-8dbaf0167eac","fieldId":"16b0c9aa-b962-45b6-8ba2-018317bb69ee","key":"vertical_alignment","value":"center"},"30":{"id":"35cc2b92-a1e4-46c2-bb42-7671ea430e90","boxId":"46e8be7a-78f8-401d-902b-8dbaf0167eac","fieldId":"16b0c9aa-b962-45b6-8ba2-018317bb69ee","key":"sync_taxonomy","value":""}}}]}]},"_links":{"self":[{"href":"https:\/\/axolight.us\/es\/wp-json\/wp\/v2\/pages\/9673","targetHints":{"allow":["GET"]}}],"collection":[{"href":"https:\/\/axolight.us\/es\/wp-json\/wp\/v2\/pages"}],"about":[{"href":"https:\/\/axolight.us\/es\/wp-json\/wp\/v2\/types\/page"}],"author":[{"embeddable":true,"href":"https:\/\/axolight.us\/es\/wp-json\/wp\/v2\/users\/1"}],"replies":[{"embeddable":true,"href":"https:\/\/axolight.us\/es\/wp-json\/wp\/v2\/comments?post=9673"}],"version-history":[{"count":1,"href":"https:\/\/axolight.us\/es\/wp-json\/wp\/v2\/pages\/9673\/revisions"}],"predecessor-version":[{"id":10197,"href":"https:\/\/axolight.us\/es\/wp-json\/wp\/v2\/pages\/9673\/revisions\/10197"}],"wp:attachment":[{"href":"https:\/\/axolight.us\/es\/wp-json\/wp\/v2\/media?parent=9673"}],"curies":[{"name":"wp","href":"https:\/\/api.w.org\/{rel}","templated":true}]}}