{"id":9668,"date":"2026-02-04T16:46:34","date_gmt":"2026-02-04T15:46:34","guid":{"rendered":"https:\/\/axolight.us\/whistleblowing\/"},"modified":"2026-02-04T16:46:34","modified_gmt":"2026-02-04T15:46:34","slug":"whistleblowing","status":"publish","type":"page","link":"https:\/\/axolight.us\/fr\/whistleblowing\/","title":{"rendered":"Whistleblowing"},"content":{"rendered":"\n<p>Axo Light Srl s\u2019engage \u00e0 op\u00e9rer de mani\u00e8re \u00e9thique et, \u00e0 cette fin, a adopt\u00e9 un processus de gestion des rapports, m\u00eame anonymes, qui peuvent contribuer \u00e0 la pr\u00e9vention des infractions, des irr\u00e9gularit\u00e9s ou des comportements en violation de son Code \u00e9thique, du Mod\u00e8le d\u2019organisation, de gestion et de contr\u00f4le ex D\u00e9cret l\u00e9gislatif n\u00b0 231\/2001, des proc\u00e9dures de l\u2019entreprise et de la l\u00e9gislation applicable, ou en tout cas susceptibles de causer des dommages ou des pr\u00e9judices, y compris l\u2019image ou la r\u00e9putation, \u00e0 Axo Light Srl.<\/p>\n\n\n\n<p>Axo Light Srl encourage vivement le signalement de bonne foi de toute irr\u00e9gularit\u00e9 \u00e9ventuelle. Toutefois, il est essentiel de souligner que les d\u00e9clarations fausses ou vexatoires, les simples soup\u00e7ons ou rumeurs, les plaintes de nature personnelle ou les r\u00e9clamations non fond\u00e9es ne seront pas tol\u00e9r\u00e9es. Dans de tels cas, des mesures disciplinaires seront prises \u00e0 l\u2019encontre de ceux qui abusent de la proc\u00e9dure.<\/p>\n\n\n\n<p>Pour la soumission et la gestion des rapports, Axo Light Srl a cr\u00e9\u00e9 une proc\u00e9dure sp\u00e9cifique de d\u00e9nonciation et une plateforme informatique d\u00e9di\u00e9e, en pleine conformit\u00e9 avec le GDPR actuel et les r\u00e8glements de gestion des donn\u00e9es.<\/p>\n\n\n\n<p>Si vous souhaitez faire un rapport,&nbsp;<a href=\"https:\/\/axolight.whistleblowing.italiandesignbrands.com\/\"><strong>acc\u00e9dez \u00e0 la plateforme<\/strong><\/a>.<\/p>\n\n\n\n<p><\/p>\n","protected":false},"excerpt":{"rendered":"<p>Axo Light Srl s\u2019engage \u00e0 op\u00e9rer de mani\u00e8re \u00e9thique et, \u00e0 cette fin, a adopt\u00e9 un processus de gestion des rapports, m\u00eame anonymes, qui peuvent contribuer \u00e0 la pr\u00e9vention des infractions, des irr\u00e9gularit\u00e9s ou des comportements en violation de son Code \u00e9thique, du Mod\u00e8le d\u2019organisation, de gestion et de contr\u00f4le ex D\u00e9cret l\u00e9gislatif n\u00b0 231\/2001, [&hellip;]<\/p>\n","protected":false},"author":1,"featured_media":0,"parent":0,"menu_order":0,"comment_status":"closed","ping_status":"closed","template":"","meta":{"footnotes":""},"class_list":["post-9668","page","type-page","status-publish","hentry"],"acpt":null,"_links":{"self":[{"href":"https:\/\/axolight.us\/fr\/wp-json\/wp\/v2\/pages\/9668","targetHints":{"allow":["GET"]}}],"collection":[{"href":"https:\/\/axolight.us\/fr\/wp-json\/wp\/v2\/pages"}],"about":[{"href":"https:\/\/axolight.us\/fr\/wp-json\/wp\/v2\/types\/page"}],"author":[{"embeddable":true,"href":"https:\/\/axolight.us\/fr\/wp-json\/wp\/v2\/users\/1"}],"replies":[{"embeddable":true,"href":"https:\/\/axolight.us\/fr\/wp-json\/wp\/v2\/comments?post=9668"}],"version-history":[{"count":0,"href":"https:\/\/axolight.us\/fr\/wp-json\/wp\/v2\/pages\/9668\/revisions"}],"wp:attachment":[{"href":"https:\/\/axolight.us\/fr\/wp-json\/wp\/v2\/media?parent=9668"}],"curies":[{"name":"wp","href":"https:\/\/api.w.org\/{rel}","templated":true}]}}