{"id":9670,"date":"2026-01-14T11:28:01","date_gmt":"2026-01-14T10:28:01","guid":{"rendered":"https:\/\/axolight.us\/a-propos-de-nous\/"},"modified":"2026-01-14T11:28:01","modified_gmt":"2026-01-14T10:28:01","slug":"a-propos-de-nous","status":"publish","type":"page","link":"https:\/\/axolight.us\/fr\/a-propos-de-nous\/","title":{"rendered":"\u00c0 propos de nous"},"content":{"rendered":"","protected":false},"excerpt":{"rendered":"","protected":false},"author":1,"featured_media":0,"parent":0,"menu_order":0,"comment_status":"closed","ping_status":"closed","template":"template\/about.php","meta":{"footnotes":""},"class_list":["post-9670","page","type-page","status-publish","hentry"],"acpt":{"meta":[{"meta_box":"blocco-presentazione","meta_fields":[{"name":"immagine","type":"Image","options":[],"value":"https:\/\/axolight.us\/wp-content\/uploads\/2026\/02\/Axolight_aboutus_cloudy.jpg","default":"","required":false,"showInAdmin":false,"advancedOptions":{"1":{"id":"ba4bda8c-2275-4736-9ed2-71247cba46af","boxId":"e2310dd8-740a-4cfa-9b6e-c803fccb7919","fieldId":"49a3e142-50ad-4a3c-adbe-8b7fb930a1d0","key":"headline","value":"top"},"2":{"id":"a58a3cf0-82ad-457e-8309-19003a219fb9","boxId":"e2310dd8-740a-4cfa-9b6e-c803fccb7919","fieldId":"49a3e142-50ad-4a3c-adbe-8b7fb930a1d0","key":"width","value":""},"18":{"id":"d5f37163-ded5-49fa-8baf-649e69da019b","boxId":"e2310dd8-740a-4cfa-9b6e-c803fccb7919","fieldId":"49a3e142-50ad-4a3c-adbe-8b7fb930a1d0","key":"css","value":""},"29":{"id":"b428b11f-8278-4de7-b7e3-c39dc078a2a7","boxId":"e2310dd8-740a-4cfa-9b6e-c803fccb7919","fieldId":"49a3e142-50ad-4a3c-adbe-8b7fb930a1d0","key":"vertical_alignment","value":"center"},"31":{"id":"c7741fd0-dbfe-43fe-bf88-fcc5d0eef3ed","boxId":"e2310dd8-740a-4cfa-9b6e-c803fccb7919","fieldId":"49a3e142-50ad-4a3c-adbe-8b7fb930a1d0","key":"set_thumbnail","value":""},"34":{"id":"239d0368-0a2f-4fc6-af4f-2d96e05a9073","boxId":"e2310dd8-740a-4cfa-9b6e-c803fccb7919","fieldId":"49a3e142-50ad-4a3c-adbe-8b7fb930a1d0","key":"render","value":"id"}}},{"name":"titolo","type":"Text","options":[],"value":"Mati\u00e8re et fonction","default":"","required":false,"showInAdmin":false,"advancedOptions":[]},{"name":"testo","type":"Editor","options":[],"value":"<p>Fond\u00e9e en 1996 dans la province de Venise, Axolight a suivi un parcours de recherche dans lequel la grande capacit\u00e9 de faire, typique du territoire, s'est exprim\u00e9e \u00e0 travers des produits excellents et innovants, capables de concr\u00e9tiser les meilleures traditions artisanales et de couvrir des dimensions allant de l'\u00e9chelle domestique aux grands formats propres aux espaces de repr\u00e9sentation.<br \/><br \/>La mati\u00e8re et la lumi\u00e8re se fondent dans de multiples g\u00e9om\u00e9tries, \u00e9tapes d'un parcours de contamination des mat\u00e9riaux, o\u00f9 le verre, le m\u00e9tal et le tissu d\u00e9veloppent un dialogue pour produire des objets qui allient valeur esth\u00e9tique et forte signification fonctionnelle, afin d'offrir des lampes capables de r\u00e9pondre aux besoins du projet architectural.<\/p>","default":"","required":false,"showInAdmin":false,"advancedOptions":{"1":{"id":"d8168c63-1161-4e8a-83b1-068159e08ae5","boxId":"e2310dd8-740a-4cfa-9b6e-c803fccb7919","fieldId":"3fc6845f-09e7-4043-9d34-da625cce683d","key":"headline","value":"top"},"2":{"id":"f2539735-08d3-46e5-a097-1a1837eefddb","boxId":"e2310dd8-740a-4cfa-9b6e-c803fccb7919","fieldId":"3fc6845f-09e7-4043-9d34-da625cce683d","key":"width","value":""},"8":{"id":"ab1ddce9-cd9e-424e-b84c-f1cfe0089771","boxId":"e2310dd8-740a-4cfa-9b6e-c803fccb7919","fieldId":"3fc6845f-09e7-4043-9d34-da625cce683d","key":"min","value":""},"9":{"id":"13a45e88-f8b0-40ed-9bff-22a3da083be5","boxId":"e2310dd8-740a-4cfa-9b6e-c803fccb7919","fieldId":"3fc6845f-09e7-4043-9d34-da625cce683d","key":"max","value":""},"18":{"id":"dacefb87-a936-4ced-ac56-8b64a1e846be","boxId":"e2310dd8-740a-4cfa-9b6e-c803fccb7919","fieldId":"3fc6845f-09e7-4043-9d34-da625cce683d","key":"css","value":""},"25":{"id":"c2d26a25-844d-463c-b77e-86aa4218f716","boxId":"e2310dd8-740a-4cfa-9b6e-c803fccb7919","fieldId":"3fc6845f-09e7-4043-9d34-da625cce683d","key":"cols","value":""},"26":{"id":"43b58ffe-61a7-49e8-817b-4eab952314a8","boxId":"e2310dd8-740a-4cfa-9b6e-c803fccb7919","fieldId":"3fc6845f-09e7-4043-9d34-da625cce683d","key":"rows","value":""},"29":{"id":"33317237-16e9-4f37-b2e9-54565f25857d","boxId":"e2310dd8-740a-4cfa-9b6e-c803fccb7919","fieldId":"3fc6845f-09e7-4043-9d34-da625cce683d","key":"vertical_alignment","value":"center"},"35":{"id":"439780ec-41aa-44f5-a654-fa7a0add312d","boxId":"e2310dd8-740a-4cfa-9b6e-c803fccb7919","fieldId":"3fc6845f-09e7-4043-9d34-da625cce683d","key":"media","value":"1"},"39":{"id":"012e425c-962b-43cf-8757-18825ad26ab5","boxId":"e2310dd8-740a-4cfa-9b6e-c803fccb7919","fieldId":"3fc6845f-09e7-4043-9d34-da625cce683d","key":"toolbar","value":"full"},"40":{"id":"db70967a-309a-4e49-9bae-243529effb95","boxId":"e2310dd8-740a-4cfa-9b6e-c803fccb7919","fieldId":"3fc6845f-09e7-4043-9d34-da625cce683d","key":"tabs","value":"full"}}}]},{"meta_box":"blocco-card","meta_fields":[{"name":"lista-card","type":"Repeater","options":[],"value":{"immagine_1":[{"attachment_id":"1354","original_name":"immagine_1","type":"Image","value":"https:\/\/axolight.us\/wp-content\/uploads\/2026\/02\/chi-siamo-card-1.png"},{"attachment_id":"1355","original_name":"immagine_1","type":"Image","value":"https:\/\/axolight.us\/wp-content\/uploads\/2026\/02\/chi-siamo-card-2.png"},{"attachment_id":"1356","original_name":"immagine_1","type":"Image","value":"https:\/\/axolight.us\/wp-content\/uploads\/2026\/02\/chi-siamo-card-3.png"}],"titolo_1":[{"original_name":"titolo_1","type":"Text","value":"Made in Italy:<br>un choix de qualit\u00e9"},{"original_name":"titolo_1","type":"Text","value":"Un r\u00e9seau<br>international"},{"original_name":"titolo_1","type":"Text","value":"Solutions<br>sur mesure"}],"testo_1":[{"original_name":"testo_1","type":"Editor","value":"<p>Axolight, c'est le souci du d\u00e9tail, le soin apport\u00e9 aux mat\u00e9riaux, la capacit\u00e9 \u00e0 trouver la solution technique ad\u00e9quate pour obtenir le meilleur r\u00e9sultat lumineux. Des \u00e9l\u00e9ments qui se combinent pour offrir des outils diff\u00e9rents et alternatifs, capables de r\u00e9pondre aux besoins du projet d'\u00e9clairage et d'enrichir le tissu narratif de chaque environnement, int\u00e9rieur et ext\u00e9rieur, avec la qualit\u00e9 de produits enti\u00e8rement fabriqu\u00e9s en Italie, qui, gr\u00e2ce au choix de fournisseurs locaux et de mat\u00e9riaux provenant de fili\u00e8res certifi\u00e9es, garantissent le respect de l'environnement.<\/p>"},{"original_name":"testo_1","type":"Editor","value":"<p>Transmettre la passion italienne dans le monde entier a toujours \u00e9t\u00e9 le moteur de la recherche chez Axolight. Une vocation \u00e0 l'internationalisation qui a conduit l'entreprise \u00e0 \u00eatre active sur les principaux march\u00e9s mondiaux, avec un accent particulier sur les \u00c9tats-Unis, o\u00f9 se trouve une filiale charg\u00e9e de la distribution des produits Axolight sur le march\u00e9 nord-am\u00e9ricain, et qui op\u00e8re dans les locaux du showroom new-yorkais de Lexington Avenue.<\/p>"},{"original_name":"testo_1","type":"Editor","value":"<p>La capacit\u00e9 \u00e0 agir, la connaissance approfondie des mat\u00e9riaux et des technologies, la recherche constante de l'excellence au service du client: Axolight offre un service d'assistance \u00e0 la conception, depuis l'identification \u00e9ventuelle du concept jusqu'\u00e0 l'ing\u00e9nierie et la livraison d'objets uniques et d\u00e9di\u00e9s, afin d'accompagner les concepteurs et les distributeurs dans chaque projet, \u00e0 toutes les \u00e9chelles.<\/p>"}]},"default":"","required":false,"showInAdmin":false,"advancedOptions":[]}]}]},"_links":{"self":[{"href":"https:\/\/axolight.us\/fr\/wp-json\/wp\/v2\/pages\/9670","targetHints":{"allow":["GET"]}}],"collection":[{"href":"https:\/\/axolight.us\/fr\/wp-json\/wp\/v2\/pages"}],"about":[{"href":"https:\/\/axolight.us\/fr\/wp-json\/wp\/v2\/types\/page"}],"author":[{"embeddable":true,"href":"https:\/\/axolight.us\/fr\/wp-json\/wp\/v2\/users\/1"}],"replies":[{"embeddable":true,"href":"https:\/\/axolight.us\/fr\/wp-json\/wp\/v2\/comments?post=9670"}],"version-history":[{"count":0,"href":"https:\/\/axolight.us\/fr\/wp-json\/wp\/v2\/pages\/9670\/revisions"}],"wp:attachment":[{"href":"https:\/\/axolight.us\/fr\/wp-json\/wp\/v2\/media?parent=9670"}],"curies":[{"name":"wp","href":"https:\/\/api.w.org\/{rel}","templated":true}]}}